{"id":16336,"date":"2023-04-27T02:59:27","date_gmt":"2023-04-27T02:59:27","guid":{"rendered":"https:\/\/alhem.rs\/error-page\/"},"modified":"2025-12-06T13:05:58","modified_gmt":"2025-12-06T13:05:58","slug":"error-page","status":"publish","type":"page","link":"https:\/\/alhem.rs\/en\/error-page\/","title":{"rendered":"Error Page"},"content":{"rendered":"\t\t<div data-elementor-type=\"wp-page\" data-elementor-id=\"16336\" class=\"elementor elementor-16336 elementor-2017\">\n\t\t\t\t        <section class=\"elementor-section elementor-top-section elementor-element elementor-element-5dccf34 elementor-section-stretched elementor-section-boxed elementor-section-height-default elementor-section-height-default pxl-type-header-none pxl-bg-color-none pxl-row-scroll-none\" data-id=\"5dccf34\" data-element_type=\"section\" data-settings=\"{&quot;stretch_section&quot;:&quot;section-stretched&quot;,&quot;background_background&quot;:&quot;classic&quot;}\">\n\n                \n                <div class=\"elementor-container elementor-column-gap-extended \">\n                <div class=\"elementor-column elementor-col-100 elementor-top-column elementor-element elementor-element-116e556 pxl_section_offset-none pxl-container-width-container-1200 pxl-col-none pxl-column-none\" data-id=\"116e556\" data-element_type=\"column\">\r\n        <div class=\"elementor-widget-wrap elementor-element-populated\">\r\n                     \r\n        \t\t<div class=\"elementor-element elementor-element-64592a5 elementor-widget elementor-widget-image\" data-id=\"64592a5\" data-element_type=\"widget\" data-widget_type=\"image.default\">\n\t\t\t\t\t\t\t\t\t\t\t\t\t\t\t<img fetchpriority=\"high\" decoding=\"async\" width=\"808\" height=\"438\" src=\"https:\/\/alhem.rs\/wp-content\/uploads\/2023\/04\/image-404.png\" class=\"attachment-large size-large wp-image-16334\" alt=\"\" srcset=\"https:\/\/alhem.rs\/wp-content\/uploads\/2023\/04\/image-404.png 808w, https:\/\/alhem.rs\/wp-content\/uploads\/2023\/04\/image-404-300x163.png 300w, https:\/\/alhem.rs\/wp-content\/uploads\/2023\/04\/image-404-768x416.png 768w\" sizes=\"(max-width: 808px) 100vw, 808px\" \/>\t\t\t\t\t\t\t\t\t\t\t\t\t\t\t<\/div>\n\t\t\t\t<div class=\"elementor-element elementor-element-4cf0436 elementor-widget elementor-widget-pxl_heading\" data-id=\"4cf0436\" data-element_type=\"widget\" data-widget_type=\"pxl_heading.default\">\n\t\t\t\t<div class=\"elementor-widget-container\">\n\t\t\t\t\t<div class=\"pxl-heading inherit\">\n\t<div class=\"pxl-heading--inner\">\n\t\t\t\t<h3 class=\"pxl-item--title  highlight-default \" data-wow-delay=\"ms\" >\n\t\tStranica nije prona\u0111ena\n\n\n\t\t\t\t\n\t\t<\/h3>\n\t<\/div>\n<\/div>\n\n\t\t\t\t<\/div>\n\t\t\t\t<\/div>\n\t\t\t\t<div class=\"elementor-element elementor-element-dd7fabf elementor-widget elementor-widget-pxl_text_editor\" data-id=\"dd7fabf\" data-element_type=\"widget\" data-widget_type=\"pxl_text_editor.default\">\n\t\t\t\t<div class=\"elementor-widget-container\">\n\t\t\t\t\t<div class=\"pxl-text-editor\">\n\t<div class=\"pxl-item--inner  ft-theme\" data-wow-delay=\"ms\">\n\t\t<p>\u017dao nam je, ali nijedna stranica ne postoji na na\u0161em sajtu sa zadatim kriterijumima!<\/p>\t<\/div>\n<\/div>\t\t\t\t<\/div>\n\t\t\t\t<\/div>\n\t\t\t\t<div class=\"elementor-element elementor-element-2244be1 elementor-align-center elementor-widget__width-auto elementor-widget elementor-widget-pxl_button\" data-id=\"2244be1\" data-element_type=\"widget\" data-widget_type=\"pxl_button.default\">\n\t\t\t\t<div class=\"elementor-widget-container\">\n\t\t\t\t\t<div class=\"pxl-button\">\r\n    <a class=\"btn  btn-default pxl-icon--left\" href=\"https:\/\/alhem.rs\/\" data-wow-delay=\"ms\">\r\n                            <span class=\"pxl--btn-text\" data-text=\"Idi na Po\u010detnu Stranicu\">\r\n                <span data-text=\"I\">I<\/span><span data-text=\"d\">d<\/span><span data-text=\"i\">i<\/span><span class=\"spacer\">&nbsp;<\/span><span data-text=\"n\">n<\/span><span data-text=\"a\">a<\/span><span class=\"spacer\">&nbsp;<\/span><span data-text=\"P\">P<\/span><span data-text=\"o\">o<\/span><span data-text=\"\u010d\">\u010d<\/span><span data-text=\"e\">e<\/span><span data-text=\"t\">t<\/span><span data-text=\"n\">n<\/span><span data-text=\"u\">u<\/span><span class=\"spacer\">&nbsp;<\/span><span data-text=\"S\">S<\/span><span data-text=\"t\">t<\/span><span data-text=\"r\">r<\/span><span data-text=\"a\">a<\/span><span data-text=\"n\">n<\/span><span data-text=\"i\">i<\/span><span data-text=\"c\">c<\/span><span data-text=\"u\">u<\/span>            <\/span>\r\n            <\/a>\r\n<\/div>\r\n\r\n\t\t\t\t<\/div>\n\t\t\t\t<\/div>\n\t\t            <\/div>\r\n        <\/div>\r\n        \t\t\t<\/div>\n\t\t<\/section>\n\t\t\t\t<\/div>\n\t\t","protected":false},"excerpt":{"rendered":"<p>Stranica nije prona\u0111ena \u017dao nam je, ali nijedna stranica ne postoji na na\u0161em sajtu sa zadatim kriterijumima! Idi&nbsp;na&nbsp;Po\u010detnu&nbsp;Stranicu<\/p>\n","protected":false},"author":1,"featured_media":0,"parent":0,"menu_order":0,"comment_status":"closed","ping_status":"closed","template":"","meta":{"_monsterinsights_skip_tracking":false,"_monsterinsights_sitenote_active":false,"_monsterinsights_sitenote_note":"","_monsterinsights_sitenote_category":0,"footnotes":""},"class_list":["post-16336","page","type-page","status-publish","hentry"],"aioseo_notices":[],"_links":{"self":[{"href":"https:\/\/alhem.rs\/en\/wp-json\/wp\/v2\/pages\/16336","targetHints":{"allow":["GET"]}}],"collection":[{"href":"https:\/\/alhem.rs\/en\/wp-json\/wp\/v2\/pages"}],"about":[{"href":"https:\/\/alhem.rs\/en\/wp-json\/wp\/v2\/types\/page"}],"author":[{"embeddable":true,"href":"https:\/\/alhem.rs\/en\/wp-json\/wp\/v2\/users\/1"}],"replies":[{"embeddable":true,"href":"https:\/\/alhem.rs\/en\/wp-json\/wp\/v2\/comments?post=16336"}],"version-history":[{"count":7,"href":"https:\/\/alhem.rs\/en\/wp-json\/wp\/v2\/pages\/16336\/revisions"}],"predecessor-version":[{"id":16343,"href":"https:\/\/alhem.rs\/en\/wp-json\/wp\/v2\/pages\/16336\/revisions\/16343"}],"wp:attachment":[{"href":"https:\/\/alhem.rs\/en\/wp-json\/wp\/v2\/media?parent=16336"}],"curies":[{"name":"wp","href":"https:\/\/api.w.org\/{rel}","templated":true}]}}