{"id":16270,"date":"2025-08-26T13:55:34","date_gmt":"2025-08-26T13:55:34","guid":{"rendered":"https:\/\/code.alhem.rs\/privacy-policy\/"},"modified":"2025-12-08T19:34:21","modified_gmt":"2025-12-08T19:34:21","slug":"privacy-policy","status":"publish","type":"page","link":"https:\/\/alhem.rs\/en\/privacy-policy\/","title":{"rendered":"Privacy policy"},"content":{"rendered":"\t\t<div data-elementor-type=\"wp-page\" data-elementor-id=\"16270\" class=\"elementor elementor-16270 elementor-14241\">\n\t\t\t\t        <section class=\"elementor-section elementor-top-section elementor-element elementor-element-8d28304 elementor-section-boxed elementor-section-height-default elementor-section-height-default pxl-type-header-none pxl-bg-color-none pxl-row-scroll-none\" data-id=\"8d28304\" data-element_type=\"section\">\n\n                \n                <div class=\"elementor-container elementor-column-gap-default \">\n                <div class=\"elementor-column elementor-col-100 elementor-top-column elementor-element elementor-element-7748650 pxl_section_offset-none pxl-container-width-container-1200 pxl-col-none pxl-column-none\" data-id=\"7748650\" data-element_type=\"column\">\r\n        <div class=\"elementor-widget-wrap elementor-element-populated\">\r\n                     \r\n        \t\t<div class=\"elementor-element elementor-element-30927d9 elementor-widget elementor-widget-pxl_text_editor\" data-id=\"30927d9\" data-element_type=\"widget\" data-widget_type=\"pxl_text_editor.default\">\n\t\t\t\t<div class=\"elementor-widget-container\">\n\t\t\t\t\t<div class=\"pxl-text-editor\">\n\t<div class=\"pxl-item--inner  ft-theme\" data-wow-delay=\"ms\">\n\t\t<p>Alternativa za bezbednije hemikalije \u2013 ALHem primenjuje politiku privatnosti i upotrebe kola\u010di\u0107a u skladu sa Zakonom o za\u0161titi podataka o li\u010dnosti (\u201eSl. glasnik RS\u201c, broj 87\/2018), kao i Op\u0161tom uredbom EU o za\u0161titi podataka o li\u010dnosti (GDPR).<\/p>\t<\/div>\n<\/div>\t\t\t\t<\/div>\n\t\t\t\t<\/div>\n\t\t\t\t<div class=\"elementor-element elementor-element-1689a0a elementor-widget elementor-widget-pxl_text_editor\" data-id=\"1689a0a\" data-element_type=\"widget\" data-widget_type=\"pxl_text_editor.default\">\n\t\t\t\t<div class=\"elementor-widget-container\">\n\t\t\t\t\t<div class=\"pxl-text-editor\">\n\t<div class=\"pxl-item--inner  ft-theme\" data-wow-delay=\"ms\">\n\t\t<p><strong>POLITIKA PRIVATNOSTI<\/strong><\/p><p>Molimo Vas da pa\u017eljivo pro\u010ditate ovu izjavu kako biste razumeli kako prikupljamo, koristimo i obra\u0111ujemo Va\u0161e li\u010dne podatke. Detaljno \u0107emo objasniti kako \u0161titimo Va\u0161u privatnost, kako mo\u017eete da proverite i prilagodite Va\u0161e podatke u bilo kom trenutku, i kako se vr\u0161i nadzor nad strogom primenom ove politike.<\/p>\t<\/div>\n<\/div>\t\t\t\t<\/div>\n\t\t\t\t<\/div>\n\t\t\t\t<div class=\"elementor-element elementor-element-c2ac7bc elementor-widget elementor-widget-pxl_text_editor\" data-id=\"c2ac7bc\" data-element_type=\"widget\" data-widget_type=\"pxl_text_editor.default\">\n\t\t\t\t<div class=\"elementor-widget-container\">\n\t\t\t\t\t<div class=\"pxl-text-editor\">\n\t<div class=\"pxl-item--inner  ft-theme\" data-wow-delay=\"ms\">\n\t\t<p><strong>Definicije<\/strong><\/p><p><strong>Ova Politika privatnosti odnosi se na sajt Alternative za bezbednije hemikalije \u2013 ALHem www.alhem.rs i na druge stranice koje ure\u0111uje Alternativa za bezbednije hemikalije \u2013 ALHem (u nastavku: ALHem).<\/strong><\/p>\t<\/div>\n<\/div>\t\t\t\t<\/div>\n\t\t\t\t<\/div>\n\t\t\t\t<div class=\"elementor-element elementor-element-e884027 elementor-widget elementor-widget-pxl_text_editor\" data-id=\"e884027\" data-element_type=\"widget\" data-widget_type=\"pxl_text_editor.default\">\n\t\t\t\t<div class=\"elementor-widget-container\">\n\t\t\t\t\t<div class=\"pxl-text-editor\">\n\t<div class=\"pxl-item--inner  ft-theme\" data-wow-delay=\"ms\">\n\t\t<p><strong>Uvod<\/strong><\/p><p>ALHem upravlja sajtom ALHem, \u0161to podrazumeva\u00a0 i upravljanje podacima i materijalima koje on sadr\u017ei.<\/p>\t<\/div>\n<\/div>\t\t\t\t<\/div>\n\t\t\t\t<\/div>\n\t\t\t\t<div class=\"elementor-element elementor-element-e6810d9 elementor-widget elementor-widget-pxl_text_editor\" data-id=\"e6810d9\" data-element_type=\"widget\" data-widget_type=\"pxl_text_editor.default\">\n\t\t\t\t<div class=\"elementor-widget-container\">\n\t\t\t\t\t<div class=\"pxl-text-editor\">\n\t<div class=\"pxl-item--inner  ft-theme\" data-wow-delay=\"ms\">\n\t\t<p>Ukoliko imate bilo kakvo pitanje u vezi sa ovom Politikom privatnosti, molimo Vas da nam se obratite. ALHem posve\u0107eno \u0161titi privatnost svih svojih korisnika. Ova Politika privatnosti va\u017ei za sve stranice na sajtu ALHem. Ne primenjuje se na internet stranice drugih organizacija, uklju\u010duju\u0107i i internet stranice bliskih organizacija i stranice tre\u0107ih strana. Internet prezentacija ALHem mo\u017ee da sadr\u017ei linkove prema internet stranama takvih organizacija, koje imaju sopstvenu politiku privatnosti koja se na njih primenjuje.<\/p>\t<\/div>\n<\/div>\t\t\t\t<\/div>\n\t\t\t\t<\/div>\n\t\t\t\t<div class=\"elementor-element elementor-element-c7730d9 elementor-widget elementor-widget-pxl_text_editor\" data-id=\"c7730d9\" data-element_type=\"widget\" data-widget_type=\"pxl_text_editor.default\">\n\t\t\t\t<div class=\"elementor-widget-container\">\n\t\t\t\t\t<div class=\"pxl-text-editor\">\n\t<div class=\"pxl-item--inner  ft-theme\" data-wow-delay=\"ms\">\n\t\t<p><strong>Saglasnost<\/strong><\/p><p>Kori\u0161\u0107enjem bilo koje internet stranice ALHema, dajete saglasnost na uslove ove Politike privatnosti. ALHem zadr\u017eava pravo da povremeno izmeni uslove iz ove Politike privatnosti, o \u010demu \u0107ete biti obave\u0161teni.<\/p>\t<\/div>\n<\/div>\t\t\t\t<\/div>\n\t\t\t\t<\/div>\n\t\t\t\t<div class=\"elementor-element elementor-element-d37ca5e elementor-widget elementor-widget-pxl_text_editor\" data-id=\"d37ca5e\" data-element_type=\"widget\" data-widget_type=\"pxl_text_editor.default\">\n\t\t\t\t<div class=\"elementor-widget-container\">\n\t\t\t\t\t<div class=\"pxl-text-editor\">\n\t<div class=\"pxl-item--inner  ft-theme\" data-wow-delay=\"ms\">\n\t\t<p><strong><em>Koje vrste podataka prikupljamo i \u010duvamo?<\/em><\/strong><\/p><p>Vrsta i koli\u010dina podataka koje primamo i \u010duvamo zavisi od na\u010dina na koji koristite sajt ALHem.<\/p><p>\u00a0<\/p><p>Mo\u017eete da pristupite ve\u0107ini stranica na sajtu ALHema bez otkrivanja Va\u0161eg identiteta ili bilo kog podatka o li\u010dnosti. Na\u0161i mre\u017eni serveri prikupljaju anonimne logove tokom korisni\u010dke posete sajtu ALHema kako bi nas snabdeli korisnim informacijama za njeno unapre\u0111enje. Za vi\u0161e informacija, molimo Vas da pogledate Izjavu o kori\u0161\u0107enju kola\u010di\u0107a koja se nalazi ni\u017ee.<\/p><p>\u00a0<\/p><p>Ne prikupljamo podatke o li\u010dnosti (kao \u0161to su ime, adresa stanovanja, broj telefona ili adresa elektronske po\u0161te) putem sajta ALHema osim ukoliko Vi odlu\u010dite da nam ih ustupite, na primer, kada izrazite \u017eelju da postanete \u010dlan ALHema.\u00a0U takvim slu\u010dajevima, prikupljamo Va\u0161e kontakt podatke, tj. Va\u0161e ime, adresu stanovanja, adresu elektronske po\u0161te, broj telefona, broj mobilnog telefona, faks itd.<\/p><p>\u00a0<\/p><p>Koriste\u0107i na\u0161 sajt, dru\u0161tvene mre\u017ee, servise za slanje i upravljanje mejlovima, kola\u010di\u0107e, podatke o klikovima na sadr\u017eaj, kretanju kroz sadr\u017eaj sajta i druge tehnologije, mo\u017eemo prikupiti podatke o Vama.<\/p>\t<\/div>\n<\/div>\t\t\t\t<\/div>\n\t\t\t\t<\/div>\n\t\t\t\t<div class=\"elementor-element elementor-element-c01bd7a elementor-widget elementor-widget-pxl_text_editor\" data-id=\"c01bd7a\" data-element_type=\"widget\" data-widget_type=\"pxl_text_editor.default\">\n\t\t\t\t<div class=\"elementor-widget-container\">\n\t\t\t\t\t<div class=\"pxl-text-editor\">\n\t<div class=\"pxl-item--inner  ft-theme\" data-wow-delay=\"ms\">\n\t\t<p><strong><em>Kako koristimo prikupljene informacije?<\/em><\/strong><\/p><p>Va\u0161i li\u010dni podaci \u0107e se \u010duvati u tajnosti. Koristi\u0107e se samo u svrhe za koje su preuzeti, kako je druga\u010dije obja\u0161njeno na sajtu ALHema, ili ukoliko je potrebno radi na\u0161eg usagla\u0161avanja sa zakonskim obavezama i obavezama revizije.<\/p><p>\u00a0<\/p><p>U slu\u010dajevima kada smo zakonski obavezani, obra\u0111iva\u0107emo li\u010dne podatke.<\/p><p>\u00a0<\/p><p>Va\u0161e li\u010dne podatke koristimo u statisti\u010dke svrhe, kako bismo pobolj\u0161ali na\u0161e usluge.<\/p><p>\u00a0<\/p><p>Nikada ne prosle\u0111ujemo Va\u0161e li\u010dne podatke tre\u0107im stranama bez Va\u0161eg pristanka.<\/p>\t<\/div>\n<\/div>\t\t\t\t<\/div>\n\t\t\t\t<\/div>\n\t\t\t\t<div class=\"elementor-element elementor-element-3a20b25 elementor-widget elementor-widget-pxl_text_editor\" data-id=\"3a20b25\" data-element_type=\"widget\" data-widget_type=\"pxl_text_editor.default\">\n\t\t\t\t<div class=\"elementor-widget-container\">\n\t\t\t\t\t<div class=\"pxl-text-editor\">\n\t<div class=\"pxl-item--inner  ft-theme\" data-wow-delay=\"ms\">\n\t\t<p><strong><em>Koliko dugo \u010duvamo Va\u0161e podatke?<\/em><\/strong><\/p><p>Ukoliko koristite ovu internet stranicu da preuzmete publikaciju, Va\u0161i podaci \u0107e biti \u010duvani onoliko vremena koliko je potrebno da se usluga izvr\u0161i. ALHem tako\u0111e mo\u017ee odlu\u010diti da koristi neke podatke u anonimnom i zbirnom obliku, tokom du\u017eeg vremenskog perioda, kako bismo procenili i prilagodili sopstvene aktivnosti, npr. statistiku o prisustvu na doga\u0111ajima ili broj preuzimanja na\u0161ih publikacija. To ne podrazumeva identifikaciju pojedina\u010dnih osoba. Trudimo se da informacije o Vama budu ta\u010dne i a\u017eurirane, a zadr\u017eavamo ih samo u razumnom i neophodnom roku.<\/p><p>\u00a0<\/p><p><em>Koliko su bezbedni Va\u0161i podaci?<\/em><\/p><p>Va\u0161e li\u010dne podatke ALHem i njihovi pru\u017eaoci usluga \u010duvaju u bezbednom okru\u017eenju.<\/p><p>\u00a0<\/p><p>Preduzimamo odgovaraju\u0107e mere bezbednosti kako bismo za\u0161titili Va\u0161e informacije od neovla\u0161\u0107enog pristupa, kori\u0161\u0107enja, gubitka ili objavljivanja. Ovi sistemi i mere se redovno testiraju i a\u017euriraju ukoliko je potrebno.<\/p><p>\u00a0<\/p><p>Ipak, prenos informacija putem interneta nikada nije u potpunosti bezbedan, pa iako se trudimo da za\u0161titimo li\u010dne podatke, ne mo\u017eemo garantovati sigurnost informacija prenetih putem sajta ALHema.<\/p><p>\u00a0<\/p><p><em>Da li delimo Va\u0161e li\u010dne informacije?<\/em><\/p><p>Nijedna informacija ne\u0107e biti prosle\u0111ena tre\u0107oj organizaciji ili osobi. ALHem smatra da su Va\u0161i podaci poverljivi podaci. Ne\u0107emo deliti Va\u0161e podatke sa tre\u0107im stranama, osim ako smo u obavezi da otkrijemo informacije po zakonu ili u slede\u0107im okolnostima:<\/p><p>\u00a0<\/p><p><strong>a. Revizija od strane na\u0161ih donatora<\/strong><\/p><p>Za potrebe revizije \u010duvamo liste prisutnih osoba na na\u0161im doga\u0111ajima i sastancima.<\/p><p>\u00a0<\/p><p><strong>b. Hosting i obrada<\/strong><\/p><p>Povremeno \u0107emo se obratiti spoljnom obra\u0111iva\u010du podataka. To zna\u010di, izme\u0111u ostalog, da za odre\u0111ene poslove ili istra\u017eivanja privremeno predajemo podatke tre\u0107im licima ako sami nemamo resursa. Ukoliko to u\u010dinimo, uvek \u0107emo osigurati da se Va\u0161im informacijama postupa poverljivo i na siguran na\u010din. Tako\u0111e uvek sklapamo ugovor sa ovim obra\u0111iva\u010dima. Na ovaj na\u010din obra\u0111iva\u010du nikada ne\u0107e biti dozvoljeno da koristi Va\u0161e podatke na sopstvenu inicijativu i Va\u0161i podaci \u0107e biti izbrisani \u010dim se zavr\u0161i zadatak.<\/p><p>\u00a0<\/p><p>ALHem\u00a0 sajt hostuje provajder kao tre\u0107a strana, pa stoga svaki li\u010dni detalj koji ste poslali putem sajta ALHem mo\u017ee da obra\u0111uje ta tre\u0107a strana. Tako\u0111e mo\u017eemo da koristimo i druge tre\u0107e strane za obradu Va\u0161ih li\u010dnih podataka.<\/p><p>\u00a0<\/p><p>Svi pru\u017eaoci usluga kao tre\u0107e strane \u0107e samo u ime ALHema obra\u0111ivati Va\u0161e li\u010dne podatke i bi\u0107e obavezani strogim uslovima poverljivosti.<\/p><p>\u00a0<\/p><p><strong>c. Upravljanje bazom podataka<\/strong><\/p><p>U okviru ALHema, Va\u0161e informacije su dostupne samo ovla\u0161\u0107enim licima kojima je potreban pristup radi obavljanja posla.<\/p><p>\u00a0<\/p><p><strong>d. Liste u\u010desnika doga\u0111aja<\/strong><\/p><p>Kada prisustvujete ALHem doga\u0111aju, Va\u0161e ime i organizacija \u0107e se pojaviti na listi u\u010desnika. Ova lista mo\u017ee biti distribuirana na samom doga\u0111aju svima koji su prisutni. Ako se doga\u0111aj zajedni\u010dki organizuje sa partnerskim organizacijama, mo\u017eemo deliti\u00a0 listu u\u010desnika doga\u0111aja sa njima.<\/p>\t<\/div>\n<\/div>\t\t\t\t<\/div>\n\t\t\t\t<\/div>\n\t\t\t\t<div class=\"elementor-element elementor-element-a7cd08b elementor-widget elementor-widget-pxl_text_editor\" data-id=\"a7cd08b\" data-element_type=\"widget\" data-widget_type=\"pxl_text_editor.default\">\n\t\t\t\t<div class=\"elementor-widget-container\">\n\t\t\t\t\t<div class=\"pxl-text-editor\">\n\t<div class=\"pxl-item--inner  ft-theme\" data-wow-delay=\"ms\">\n\t\t<p><strong>Kori\u0161\u0107enje kola\u010di\u0107a<\/strong><\/p><p>Kola\u010di\u0107 je tekstualni podatak koji sajt prebacuje na hard disk ra\u010dunara tako da sajt mo\u017ee da zapamti ko ste. Kola\u010di\u0107 obi\u010dno sadr\u017ei ime Internet domena sa kojeg je do\u0161ao, \u201e\u017eivotni vek\u201c i vrednost, naj\u010de\u0161\u0107e nasumi\u010dno generisan jedinstveni broj. Mo\u017eete da ograni\u010dite ili onemogu\u0107ite upotrebu kola\u010di\u0107a u pode\u0161avanjima va\u0161eg internet pretra\u017eiva\u010da.<\/p><p>Vi\u0161e o kola\u010di\u0107ima i kako ih ALHem koristi pro\u010ditajte u\u00a0<em>Izjavi o kori\u0161\u0107enju kola\u010di\u0107a<\/em>.<\/p><p>\u00a0<\/p><p><strong><em>Kako mo\u017eete pristupiti informacijama, ispraviti ih ili izbrisati?<\/em><\/strong><\/p><p>Kada postanete \u010dlan, partner ili pru\u017ealac usluga ALHema, ALHem \u010duva odre\u0111ene podatke. Zbog toga imate i odre\u0111ena prava koja se odnose na ove podatke. Imate pravo na pristup li\u010dnim podacima koje imamo o Vama, da izmenite te informacije ili, u nekim okolnostima, povu\u010dete saglasnost sa obradom Va\u0161ih podataka.<\/p><p>\u00a0<\/p><p>Mo\u017eete pristupiti bilo kom od Va\u0161ih li\u010dnih podataka koje ALHem obra\u0111uje, da proverite podatke i izbri\u0161ete ili ispravite sve neispravne ili nepotpune podatke. Da biste ovo pravo ostvarili, molimo Vas da po\u0161aljete zahtev ALHem i jasno nazna\u010dite \u0161ta \u017eelite da znate, ispravite ili izbri\u0161ete. Ovaj zahtev mora biti potpisan i datiran. ALHem \u0107e izvr\u0161iti zahtev \u0161to je pre mogu\u0107e i poslati Vam odgovaraju\u0107e obave\u0161tenje.<\/p><p>\u00a0<\/p><p>Ako imate dodatnih pitanja ili zabrinutosti u vezi sa Politikom privatnosti ALHema, molimo kontaktirajte: office@alhem.rs ili Alternativa za bezbednije hemikalije: Ivice Dev\u010di\u0107a 20\/I, 11030 Beograd.<\/p><p>\u00a0<\/p><p>Ako smatrate da su Va\u0161i podaci bili pogre\u0161no kori\u0161\u0107eni, mo\u017eete podneti \u017ealbu ili kontaktirati Poverenika za informacije od javnog zna\u010daja i za\u0161titu podataka o li\u010dnosti.<\/p>\t<\/div>\n<\/div>\t\t\t\t<\/div>\n\t\t\t\t<\/div>\n\t\t\t\t<div class=\"elementor-element elementor-element-271c017 elementor-widget elementor-widget-pxl_text_editor\" data-id=\"271c017\" data-element_type=\"widget\" data-widget_type=\"pxl_text_editor.default\">\n\t\t\t\t<div class=\"elementor-widget-container\">\n\t\t\t\t\t<div class=\"pxl-text-editor\">\n\t<div class=\"pxl-item--inner  ft-theme\" data-wow-delay=\"ms\">\n\t\t<p><strong>IZJAVA O KORI\u0160\u0106ENJU KOLA\u010cI\u0106A<\/strong><\/p><p>Sajt ALHema, kao i ve\u0107ina sajtova, koristi male tekstualne datoteke koje se zovu kola\u010di\u0107i. Ova sekcija pru\u017ea informacije o tome \u0161ta su kola\u010di\u0107i, koje kola\u010di\u0107e koristi ALHem i kako se mogu kontrolisati.<\/p><p>\u00a0<\/p><p>Ako su postavke na softveru koji koristite za pregled ove stranice (Va\u0161em pretra\u017eiva\u010du) prilago\u0111ene da prihvate kola\u010di\u0107e koje koristimo, i nastavite da koristite na\u0161 sajt, podrazumeva\u0107emo Va\u0161 pristanak.<\/p><p>\u00a0<\/p><p>Ako ne \u017eelite da primate kola\u010di\u0107e, mo\u017eete postaviti svoj pretra\u017eiva\u010d tako da ih ograni\u010di ili blokira. Svi savremeni pretra\u017eiva\u010di omogu\u0107avaju da promenite pode\u0161avanja kola\u010di\u0107a i obi\u010dno se nalaze u meniju \u201copcije\u201d.<\/p><p>\u00a0<\/p><p>Me\u0111utim, onemogu\u0107avanje kola\u010di\u0107a \u0107e verovatno zna\u010diti da sajt ALHema ne\u0107e raditi kao \u0161to je o\u010dekivano.<\/p><p>\u00a0<\/p><p><strong><em>1. \u0160ta su kola\u010di\u0107i?<\/em><\/strong><\/p><p>Kola\u010di\u0107i su tekstualne datoteke sa malim koli\u010dinama informacija koje Va\u0161 ure\u0111aj preuzme kada posetite sajt. Kola\u010di\u0107i se zatim vra\u0107aju na prvobitnu stranicu pri svakoj narednoj poseti ili na drugu stranicu koja prepoznaje taj kola\u010di\u0107. Kola\u010di\u0107i se \u010desto koriste jer omogu\u0107avaju sajtu da prepozna korisni\u010dki ure\u0111aj i time pobolj\u0161a funkcionalnost.<\/p><p>\u00a0<\/p><p><strong><em>2. Kako ALHem koristi kola\u010di\u0107e?<\/em><\/strong><\/p><p><strong><em>Na\u0161i kola\u010di\u0107i<\/em><\/strong><\/p><p>Kako bi na\u0161 sajt radio \u0161to bolje, koristimo kola\u010di\u0107e koji uklju\u010duju:<\/p><p>Pam\u0107enje parametara Va\u0161ih pretraga<\/p><p>\u00a0<\/p><p><strong><em>Kola\u010di\u0107i dru\u0161tvenih mre\u017ea<\/em><\/strong><\/p><p>Da biste jednostavno delili na\u0161 sadr\u017eaj na dru\u0161tvenim mre\u017eama na\u0161 sajt ima dugmad za deljenje.<\/p><p>Stepen za\u0161tite privatnosti podataka \u0107e se razlikovati od dru\u0161tvene mre\u017ee do dru\u0161tvene mre\u017ee, i zavisiti od pode\u0161avanja privatnosti koju ste izabrali na ovim mre\u017eama.<\/p><p>\u00a0<\/p><p><strong><em>Kola\u010di\u0107i za anonimno prikupljanje statistike o posetiocima<\/em><\/strong><\/p><p>Koristimo kola\u010di\u0107e za sakupljanje statisti\u010dkih podataka o posetiocima, kao \u0161to su: koliko ljudi pose\u0107uje na\u0161 sajt i koju vrstu tehnologije koriste (npr. operativni sistem, \u0161to poma\u017ee da identifikujemo probleme na odre\u0111enim platformama), koliko dugo koriste sajt, na kojim stranicama sajta se zadr\u017eavaju itd. Ovo nam poma\u017ee da stalno pobolj\u0161avamo sajt. Ti programi tako\u0111e nam anonimno govore kako su ljudi do\u0161li do na\u0161eg sajta (preko Gugla, dru\u0161tvenih mre\u017ea, direktno, itd) i da li su ranije bili ovde.<\/p><p>\u00a0<\/p><p><strong><em>Jutjub<\/em><\/strong><\/p><p>Ponekad ugra\u0111ujemo video snimke sa Jutjuba. Kori\u0161\u0107enje kola\u010di\u0107a na Jutjubu ure\u0111uje Guglova politika privatnosti.<\/p><p>\u00a0<\/p><p><strong><em>3. Definicije<\/em><\/strong><\/p><p><strong><em>Kola\u010di\u0107i prve strane i kola\u010di\u0107i tre\u0107e strane<\/em><\/strong><\/p><p>To se odnosi se na to koji veb domen postavlja kola\u010di\u0107e. Kola\u010di\u0107i prve strane su oni koje postavlja sajt koji u tom trenutku korisnik pose\u0107uje \u2013 sajt koji je prikazan u polju za URL. Kola\u010di\u0107e tre\u0107e strane postavlja domen koji ne pripada sajtu koji korisnik u tom trenutku pose\u0107uje. Ako korisnik poseti sajt i drugi entitet postavi kola\u010di\u0107 kroz taj sajt, to je kola\u010di\u0107 tre\u0107e strane.<\/p><p>\u00a0<\/p><p><strong><em>Trajni kola\u010di\u0107i<\/em><\/strong><\/p><p>Ovi kola\u010di\u0107i ostaju na korisni\u010dkom ure\u0111aju u vremenskom periodu navedenom u kola\u010di\u0107u. Oni se aktiviraju svaki put kada korisnik poseti stranicu koja je kreirala taj odre\u0111eni kola\u010di\u0107.<\/p><p>\u00a0<\/p><p><strong><em>Kola\u010di\u0107i sesije<\/em><\/strong><\/p><p>Ovi kola\u010di\u0107i omogu\u0107avaju povezivanje akcija korisnika tokom sesije pretra\u017eiva\u010da. Sesija pretra\u017eiva\u010da po\u010dinje kada korisnik otvori prozor pretra\u017eiva\u010da i zavr\u0161ava kada zatvori prozor pretra\u017eiva\u010da. Kola\u010di\u0107i sesije se kreiraju privremeno. Kada zatvorite pretra\u017eiva\u010d, svi kola\u010di\u0107i sesije se bri\u0161u.<\/p><p>\u00a0<\/p><p><strong><em>4. Isklju\u010divanje kola\u010di\u0107a<\/em><\/strong><\/p><p>Obi\u010dno mo\u017eete isklju\u010diti kola\u010di\u0107e prilago\u0111avanjem pode\u0161avanja pretra\u017eiva\u010da da biste spre\u010dili prihvatanje kola\u010di\u0107a. Me\u0111utim, verovatno \u0107ete ograni\u010diti funkcionalnost na\u0161ih i velikog broja drugih sajtova, jer su kola\u010di\u0107i standardni deo ve\u0107ine savremenih sajtova.<\/p>\t<\/div>\n<\/div>\t\t\t\t<\/div>\n\t\t\t\t<\/div>\n\t\t            <\/div>\r\n        <\/div>\r\n        \t\t\t<\/div>\n\t\t<\/section>\n\t\t\t\t<\/div>\n\t\t","protected":false},"excerpt":{"rendered":"<p>Alternativa za bezbednije hemikalije \u2013 ALHem primenjuje politiku privatnosti i upotrebe kola\u010di\u0107a u skladu sa Zakonom o za\u0161titi podataka o li\u010dnosti (\u201eSl. glasnik RS\u201c, broj 87\/2018), kao i Op\u0161tom uredbom EU o za\u0161titi podataka o li\u010dnosti (GDPR). POLITIKA PRIVATNOSTI Molimo Vas da pa\u017eljivo pro\u010ditate ovu izjavu kako biste razumeli kako prikupljamo, koristimo i obra\u0111ujemo Va\u0161e [&hellip;]<\/p>\n","protected":false},"author":1,"featured_media":0,"parent":0,"menu_order":0,"comment_status":"closed","ping_status":"closed","template":"","meta":{"_monsterinsights_skip_tracking":false,"_monsterinsights_sitenote_active":false,"_monsterinsights_sitenote_note":"","_monsterinsights_sitenote_category":0,"footnotes":""},"class_list":["post-16270","page","type-page","status-publish","hentry"],"aioseo_notices":[],"_links":{"self":[{"href":"https:\/\/alhem.rs\/en\/wp-json\/wp\/v2\/pages\/16270","targetHints":{"allow":["GET"]}}],"collection":[{"href":"https:\/\/alhem.rs\/en\/wp-json\/wp\/v2\/pages"}],"about":[{"href":"https:\/\/alhem.rs\/en\/wp-json\/wp\/v2\/types\/page"}],"author":[{"embeddable":true,"href":"https:\/\/alhem.rs\/en\/wp-json\/wp\/v2\/users\/1"}],"replies":[{"embeddable":true,"href":"https:\/\/alhem.rs\/en\/wp-json\/wp\/v2\/comments?post=16270"}],"version-history":[{"count":13,"href":"https:\/\/alhem.rs\/en\/wp-json\/wp\/v2\/pages\/16270\/revisions"}],"predecessor-version":[{"id":16491,"href":"https:\/\/alhem.rs\/en\/wp-json\/wp\/v2\/pages\/16270\/revisions\/16491"}],"wp:attachment":[{"href":"https:\/\/alhem.rs\/en\/wp-json\/wp\/v2\/media?parent=16270"}],"curies":[{"name":"wp","href":"https:\/\/api.w.org\/{rel}","templated":true}]}}