{"id":16116,"date":"2023-01-10T15:25:54","date_gmt":"2023-01-10T15:25:54","guid":{"rendered":"https:\/\/code.alhem.rs\/contact\/"},"modified":"2025-12-04T19:43:39","modified_gmt":"2025-12-04T19:43:39","slug":"contact-us","status":"publish","type":"page","link":"https:\/\/alhem.rs\/en\/contact-us\/","title":{"rendered":"Contact Us"},"content":{"rendered":"\t\t<div data-elementor-type=\"wp-page\" data-elementor-id=\"16116\" class=\"elementor elementor-16116 elementor-21\">\n\t\t\t\t        <section class=\"elementor-section elementor-top-section elementor-element elementor-element-d82c75a elementor-section-boxed elementor-section-height-default elementor-section-height-default pxl-type-header-none pxl-bg-color-none pxl-row-scroll-none\" data-id=\"d82c75a\" data-element_type=\"section\">\n\n                \n                <div class=\"elementor-container elementor-column-gap-default \">\n                <div class=\"elementor-column elementor-col-33 elementor-top-column elementor-element elementor-element-ec19fde pxl_section_offset-none pxl-container-width-container-1200 pxl-col-none pxl-column-none\" data-id=\"ec19fde\" data-element_type=\"column\">\r\n        <div class=\"elementor-widget-wrap elementor-element-populated\">\r\n                     \r\n        \t\t<div class=\"elementor-element elementor-element-e45f40c elementor-widget elementor-widget-pxl_icon_box\" data-id=\"e45f40c\" data-element_type=\"widget\" data-widget_type=\"pxl_icon_box.default\">\n\t\t\t\t<div class=\"elementor-widget-container\">\n\t\t\t\t\t<div class=\"pxl-icon-box pxl-icon-box2 \" data-wow-delay=\"ms\">\r\n    <div class=\"pxl-item--inner\">\r\n                    <div class=\"pxl-item--icon\">\r\n                <i aria-hidden=\"true\" class=\"flaticon flaticon-customer-service\"><\/i>            <\/div>\r\n                        <div class=\"pxl-item--holder\">\r\n                        <h3 class=\"pxl-item--title el-empty\"><a >\r\n                About Us            <\/a> <\/h3>\r\n             <div class=\"pxl-item-link\">\r\n                 <a class=\"pxl-item-link-1\" href=\"https:\/\/alhem.rs\/o-nama\/\">\r\n                     ALHem is a non-profit organization comprised of experts in safe chemicals management.                 <\/a>\r\n                 <a class=\"pxl-item-link-2\" href=\"\">\r\n                                      <\/a>\r\n             <\/div>\r\n        <\/div>\r\n    <\/div>\r\n<\/div>\t\t\t\t<\/div>\n\t\t\t\t<\/div>\n\t\t            <\/div>\r\n        <\/div>\r\n                <div class=\"elementor-column elementor-col-33 elementor-top-column elementor-element elementor-element-7c5e2cf pxl_section_offset-none pxl-container-width-container-1200 pxl-col-none pxl-column-none\" data-id=\"7c5e2cf\" data-element_type=\"column\">\r\n        <div class=\"elementor-widget-wrap elementor-element-populated\">\r\n                     \r\n        \t\t<div class=\"elementor-element elementor-element-076c520 elementor-widget elementor-widget-pxl_icon_box\" data-id=\"076c520\" data-element_type=\"widget\" data-widget_type=\"pxl_icon_box.default\">\n\t\t\t\t<div class=\"elementor-widget-container\">\n\t\t\t\t\t<div class=\"pxl-icon-box pxl-icon-box2 \" data-wow-delay=\"ms\">\r\n    <div class=\"pxl-item--inner\">\r\n                    <div class=\"pxl-item--icon\">\r\n                <i aria-hidden=\"true\" class=\"caseicon caseicon-location\"><\/i>            <\/div>\r\n                        <div class=\"pxl-item--holder\">\r\n                        <h3 class=\"pxl-item--title el-empty\"><a >\r\n                Address            <\/a> <\/h3>\r\n             <div class=\"pxl-item-link\">\r\n                 <a class=\"pxl-item-link-1\" href=\"https:\/\/www.google.com\/maps\/place\/%D0%98%D0%B2%D0%B8%D1%86%D0%B5+%D0%94%D0%B5%D0%B2%D1%87%D0%B8%D1%9B%D0%B0+20,+%D0%91%D0%B5%D0%BE%D0%B3%D1%80%D0%B0%D0%B4\/@44.77173,20.411294,16z\/data=!4m6!3m5!1s0x475a6e2db69499ab:0x4e45986ab8952ef7!8m2!3d44.7717296!4d20.411294!16s%2Fg%2F11dzpbjz6r?hl=sr&amp;entry=ttu&amp;g_ep=EgoyMDI1MDgxOS4wIKXMDSoASAFQAw%3D%3D\">\r\n                     Ivice Dev\u010di\u0107a 20\/I, 11030 Belgrade, Serbia                 <\/a>\r\n                 <a class=\"pxl-item-link-2\" href=\"\">\r\n                                      <\/a>\r\n             <\/div>\r\n        <\/div>\r\n    <\/div>\r\n<\/div>\t\t\t\t<\/div>\n\t\t\t\t<\/div>\n\t\t            <\/div>\r\n        <\/div>\r\n                <div class=\"elementor-column elementor-col-33 elementor-top-column elementor-element elementor-element-b9b9dc9 pxl_section_offset-none pxl-container-width-container-1200 pxl-col-none pxl-column-none\" data-id=\"b9b9dc9\" data-element_type=\"column\">\r\n        <div class=\"elementor-widget-wrap elementor-element-populated\">\r\n                     \r\n        \t\t<div class=\"elementor-element elementor-element-a29afc9 elementor-widget elementor-widget-pxl_icon_box\" data-id=\"a29afc9\" data-element_type=\"widget\" data-widget_type=\"pxl_icon_box.default\">\n\t\t\t\t<div class=\"elementor-widget-container\">\n\t\t\t\t\t<div class=\"pxl-icon-box pxl-icon-box2 \" data-wow-delay=\"ms\">\r\n    <div class=\"pxl-item--inner\">\r\n                    <div class=\"pxl-item--icon\">\r\n                <i aria-hidden=\"true\" class=\"flaticon flaticon-phone-ringing\"><\/i>            <\/div>\r\n                        <div class=\"pxl-item--holder\">\r\n                        <h3 class=\"pxl-item--title el-empty\"><a >\r\n                Contact info            <\/a> <\/h3>\r\n             <div class=\"pxl-item-link\">\r\n                 <a class=\"pxl-item-link-1\" href=\"mailto:office@alhem.rs\">\r\n                     office@alhem.rs                 <\/a>\r\n                 <a class=\"pxl-item-link-2\" href=\"tel:+381648151919\">\r\n                     +381 (0)64 815 19 19                 <\/a>\r\n             <\/div>\r\n        <\/div>\r\n    <\/div>\r\n<\/div>\t\t\t\t<\/div>\n\t\t\t\t<\/div>\n\t\t            <\/div>\r\n        <\/div>\r\n        \t\t\t<\/div>\n\t\t<\/section>\n\t\t        <section class=\"elementor-section elementor-top-section elementor-element elementor-element-82be5d2 elementor-section-boxed elementor-section-height-default elementor-section-height-default pxl-type-header-none pxl-bg-color-none pxl-row-scroll-none\" data-id=\"82be5d2\" data-element_type=\"section\">\n\n                \n                <div class=\"elementor-container elementor-column-gap-default \">\n                <div class=\"elementor-column elementor-col-100 elementor-top-column elementor-element elementor-element-4717e21 pxl_section_offset-none pxl-container-width-container-1200 pxl-col-none pxl-column-none\" data-id=\"4717e21\" data-element_type=\"column\">\r\n        <div class=\"elementor-widget-wrap elementor-element-populated\">\r\n                     \r\n        \t\t<div class=\"elementor-element elementor-element-ffaf069 elementor-widget elementor-widget-pxl_heading\" data-id=\"ffaf069\" data-element_type=\"widget\" data-widget_type=\"pxl_heading.default\">\n\t\t\t\t<div class=\"elementor-widget-container\">\n\t\t\t\t\t<div class=\"pxl-heading inherit\">\n\t<div class=\"pxl-heading--inner\">\n\t\t\t\t<h3 class=\"pxl-item--title  highlight-default \" data-wow-delay=\"ms\" >\n\t\tSocial networks\n\n\n\t\t\t\t\n\t\t<\/h3>\n\t<\/div>\n<\/div>\n\n\t\t\t\t<\/div>\n\t\t\t\t<\/div>\n\t\t\t\t<div class=\"elementor-element elementor-element-bfdf4ee elementor-shape-circle elementor-grid-0 e-grid-align-center elementor-widget elementor-widget-social-icons\" data-id=\"bfdf4ee\" data-element_type=\"widget\" data-widget_type=\"social-icons.default\">\n\t\t\t\t\t\t\t<div class=\"elementor-social-icons-wrapper elementor-grid\" role=\"list\">\n\t\t\t\t\t\t\t<span class=\"elementor-grid-item\" role=\"listitem\">\n\t\t\t\t\t<a class=\"elementor-icon elementor-social-icon elementor-social-icon-facebook elementor-repeater-item-ae967a3\" href=\"https:\/\/www.facebook.com\/ALHem\" target=\"_blank\">\n\t\t\t\t\t\t<span class=\"elementor-screen-only\">Facebook<\/span>\n\t\t\t\t\t\t<i aria-hidden=\"true\" class=\"fab fa-facebook\"><\/i>\t\t\t\t\t<\/a>\n\t\t\t\t<\/span>\n\t\t\t\t\t\t\t<span class=\"elementor-grid-item\" role=\"listitem\">\n\t\t\t\t\t<a class=\"elementor-icon elementor-social-icon elementor-social-icon-instagram elementor-repeater-item-34998a4\" href=\"https:\/\/www.instagram.com\/alhem.rs\/\" target=\"_blank\">\n\t\t\t\t\t\t<span class=\"elementor-screen-only\">Instagram<\/span>\n\t\t\t\t\t\t<i aria-hidden=\"true\" class=\"fab fa-instagram\"><\/i>\t\t\t\t\t<\/a>\n\t\t\t\t<\/span>\n\t\t\t\t\t\t\t<span class=\"elementor-grid-item\" role=\"listitem\">\n\t\t\t\t\t<a class=\"elementor-icon elementor-social-icon elementor-social-icon-youtube elementor-repeater-item-092f012\" href=\"https:\/\/www.youtube.com\/channel\/UCoFAv7Ol2gw3kl2vS79Tsgw\" target=\"_blank\">\n\t\t\t\t\t\t<span class=\"elementor-screen-only\">Youtube<\/span>\n\t\t\t\t\t\t<i aria-hidden=\"true\" class=\"fab fa-youtube\"><\/i>\t\t\t\t\t<\/a>\n\t\t\t\t<\/span>\n\t\t\t\t\t<\/div>\n\t\t\t\t\t\t<\/div>\n\t\t            <\/div>\r\n        <\/div>\r\n        \t\t\t<\/div>\n\t\t<\/section>\n\t\t        <section class=\"elementor-section elementor-top-section elementor-element elementor-element-914a76a elementor-section-full_width elementor-section-stretched elementor-section-height-default elementor-section-height-default pxl-type-header-none pxl_section_offset-none pxl-bg-color-none pxl-full-content-with-space-none pxl-row-scroll-none\" data-id=\"914a76a\" data-element_type=\"section\" data-settings=\"{&quot;stretch_section&quot;:&quot;section-stretched&quot;}\">\n\n                \n                <div class=\"elementor-container elementor-column-gap-extended \">\n                <div class=\"elementor-column elementor-col-100 elementor-top-column elementor-element elementor-element-19de127 pxl_section_offset-none pxl-container-width-container-1200 pxl-col-none pxl-column-none\" data-id=\"19de127\" data-element_type=\"column\">\r\n        <div class=\"elementor-widget-wrap elementor-element-populated\">\r\n                     \r\n        \t\t<div class=\"elementor-element elementor-element-0399cba elementor-widget elementor-widget-google_maps\" data-id=\"0399cba\" data-element_type=\"widget\" data-widget_type=\"google_maps.default\">\n\t\t\t\t\t\t\t<div class=\"elementor-custom-embed\">\n\t\t\t<iframe loading=\"lazy\"\n\t\t\t\t\tsrc=\"https:\/\/maps.google.com\/maps?q=%D0%98%D0%B2%D0%B8%D1%86%D0%B5%20%D0%94%D0%B5%D0%B2%D1%87%D0%B8%D1%9B%D0%B0%2020%2C%20%D0%91%D0%B5%D0%BE%D0%B3%D1%80%D0%B0%D0%B4&#038;t=m&#038;z=14&#038;output=embed&#038;iwloc=near\"\n\t\t\t\t\ttitle=\"\u0418\u0432\u0438\u0446\u0435 \u0414\u0435\u0432\u0447\u0438\u045b\u0430 20, \u0411\u0435\u043e\u0433\u0440\u0430\u0434\"\n\t\t\t\t\taria-label=\"\u0418\u0432\u0438\u0446\u0435 \u0414\u0435\u0432\u0447\u0438\u045b\u0430 20, \u0411\u0435\u043e\u0433\u0440\u0430\u0434\"\n\t\t\t><\/iframe>\n\t\t<\/div>\n\t\t\t\t\t\t<\/div>\n\t\t            <\/div>\r\n        <\/div>\r\n        \t\t\t<\/div>\n\t\t<\/section>\n\t\t\t\t<\/div>\n\t\t","protected":false},"excerpt":{"rendered":"<p>O Nama ALHem ima za cilj promovisanje odr\u017eivog razvoja, pre svega bezbednog upravljanja hemikalijama. Adresa Ivice Dev\u010di\u0107a 20\/I, 11030 Beograd, Srbija Kontakt office@alhem.rs +381 (0)64 815 19 19 Dru\u0161tvene mre\u017ee Facebook Instagram Youtube<\/p>\n","protected":false},"author":1,"featured_media":0,"parent":0,"menu_order":0,"comment_status":"closed","ping_status":"closed","template":"","meta":{"_monsterinsights_skip_tracking":false,"_monsterinsights_sitenote_active":false,"_monsterinsights_sitenote_note":"","_monsterinsights_sitenote_category":0,"footnotes":""},"class_list":["post-16116","page","type-page","status-publish","hentry"],"aioseo_notices":[],"_links":{"self":[{"href":"https:\/\/alhem.rs\/en\/wp-json\/wp\/v2\/pages\/16116","targetHints":{"allow":["GET"]}}],"collection":[{"href":"https:\/\/alhem.rs\/en\/wp-json\/wp\/v2\/pages"}],"about":[{"href":"https:\/\/alhem.rs\/en\/wp-json\/wp\/v2\/types\/page"}],"author":[{"embeddable":true,"href":"https:\/\/alhem.rs\/en\/wp-json\/wp\/v2\/users\/1"}],"replies":[{"embeddable":true,"href":"https:\/\/alhem.rs\/en\/wp-json\/wp\/v2\/comments?post=16116"}],"version-history":[{"count":17,"href":"https:\/\/alhem.rs\/en\/wp-json\/wp\/v2\/pages\/16116\/revisions"}],"predecessor-version":[{"id":16136,"href":"https:\/\/alhem.rs\/en\/wp-json\/wp\/v2\/pages\/16116\/revisions\/16136"}],"wp:attachment":[{"href":"https:\/\/alhem.rs\/en\/wp-json\/wp\/v2\/media?parent=16116"}],"curies":[{"name":"wp","href":"https:\/\/api.w.org\/{rel}","templated":true}]}}